{"id":2031,"date":"2021-04-18T12:49:38","date_gmt":"2021-04-18T10:49:38","guid":{"rendered":"https:\/\/imprimerie-copylux.fr\/?post_type=product&#038;p=2031"},"modified":"2021-04-18T12:56:01","modified_gmt":"2021-04-18T10:56:01","slug":"enveloppes-longues-11x22cm","status":"publish","type":"product","link":"https:\/\/imprimerie-copylux.fr\/index.php\/product\/enveloppes-longues-11x22cm\/","title":{"rendered":"ENVELOPPES LONGUES 11x22cm"},"content":{"rendered":"","protected":false},"excerpt":{"rendered":"<h3 class=\"title18 lora-font text-uppercase font-bold\">Caract\u00e9ristiques principales<\/h3>\n<div class=\"et_pb_module et_pb_wc_description et_pb_wc_description_0 et_pb_bg_layout_light et_pb_text_align_left\">\n<div class=\"et_pb_module_inner\">\n<p>L\u2019enveloppe DL\u00a0 22 X 11\u00a0 est l\u2019un des formats id\u00e9al. L\u2019enveloppe et la pochette sont des outils administratifs qui s\u2019av\u00e8rent \u00eatre des communicants hors pair. Disponibles en plusieurs formats, plusieurs supports et avec diff\u00e9rentes finitions. Ce sont sept types d\u2019enveloppes qui pourront \u00eatre propos\u00e9s \u00e0 vos prospects avec ouverture grand c\u00f4t\u00e9.<\/p>\n<ul class=\"product-infos-technique\">\n<li>Forme : Rectangle<\/li>\n<li>Taille de la fen\u00eatre : 3,5 x 10 cm<\/li>\n<li>Quantit\u00e9 : \u00e0 partir de 50 ex.<\/li>\n<li>D\u00e9lai de livraison J+1 possible<\/li>\n<\/ul>\n<\/div>\n<\/div>\n","protected":false},"featured_media":2033,"template":"","meta":[],"product_brand":[],"product_cat":[60],"product_tag":[],"class_list":{"0":"post-2031","1":"product","2":"type-product","3":"status-publish","4":"has-post-thumbnail","6":"product_cat-imprimerie","8":"first","9":"instock","10":"featured","11":"shipping-taxable","12":"product-type-external"},"_links":{"self":[{"href":"https:\/\/imprimerie-copylux.fr\/index.php\/wp-json\/wp\/v2\/product\/2031","targetHints":{"allow":["GET"]}}],"collection":[{"href":"https:\/\/imprimerie-copylux.fr\/index.php\/wp-json\/wp\/v2\/product"}],"about":[{"href":"https:\/\/imprimerie-copylux.fr\/index.php\/wp-json\/wp\/v2\/types\/product"}],"wp:featuredmedia":[{"embeddable":true,"href":"https:\/\/imprimerie-copylux.fr\/index.php\/wp-json\/wp\/v2\/media\/2033"}],"wp:attachment":[{"href":"https:\/\/imprimerie-copylux.fr\/index.php\/wp-json\/wp\/v2\/media?parent=2031"}],"wp:term":[{"taxonomy":"product_brand","embeddable":true,"href":"https:\/\/imprimerie-copylux.fr\/index.php\/wp-json\/wp\/v2\/product_brand?post=2031"},{"taxonomy":"product_cat","embeddable":true,"href":"https:\/\/imprimerie-copylux.fr\/index.php\/wp-json\/wp\/v2\/product_cat?post=2031"},{"taxonomy":"product_tag","embeddable":true,"href":"https:\/\/imprimerie-copylux.fr\/index.php\/wp-json\/wp\/v2\/product_tag?post=2031"}],"curies":[{"name":"wp","href":"https:\/\/api.w.org\/{rel}","templated":true}]}}